{"id":2,"date":"2011-08-15T15:58:23","date_gmt":"2011-08-15T15:58:23","guid":{"rendered":"http:\/\/studio18.muscleboykanan.com\/blog\/?page_id=2"},"modified":"2022-03-21T22:44:03","modified_gmt":"2022-03-21T20:44:03","slug":"about","status":"publish","type":"page","link":"https:\/\/studio18.muscleboykanan.com\/blog\/about\/","title":{"rendered":"About"},"content":{"rendered":"<p><strong>Y\u00e2-hw\u00e9h Y\u00e2huwsh\u00faa is the ONLY way to Heaven!!!<\/strong><\/p>\n<p>&#8220;I am the way, the truth, and the life; NO MAN cometh unto the Father BUT BY ME.&#8221; (John 14:6)<\/p>\n<p>The most loving act of eternity is described in Romans 5:8, &#8220;But Yahweh commendeth his love toward us in that, while we were yet sinners, Y\u00e2huwsh\u00faa died for us.&#8221; Anyone who ignores Yahweh&#8217;s love, who rejects Y\u00e2huwsh\u00faa as Savior, who denies the Savior who bought him (2 Peter 2:1) &#8211; that person will be subject to Yahweh&#8217;s wrath for eternity (Romans 1:18), not His love (Romans 6:23). Y\u00e2-hw\u00e9h Y\u00e2huwsh\u00faa loves everyone unconditionally in that He shows mercy to everyone. Y\u00e2-hw\u00e9h Y\u00e2huwsh\u00faa conditionally loves only those who place their faith in His Son Y\u00e2huwsh\u00faa for salvation (John 3:36). Only those who believe in Y\u00e2huwsh\u00faa as their Savior will experience Yahweh&#8217;s love for eternity.<\/p>\n","protected":false},"excerpt":{"rendered":"<p>Y\u00e2-hw\u00e9h Y\u00e2huwsh\u00faa is the ONLY way to Heaven!!! &#8220;I am the way, the truth, and the life; NO MAN cometh unto the Father BUT BY ME.&#8221; (John 14:6) The most loving act of eternity is described in Romans 5:8, &#8220;But Yahweh commendeth his love toward us in that, while we were yet sinners, Y\u00e2huwsh\u00faa died [&hellip;]<\/p>\n","protected":false},"author":2,"featured_media":0,"parent":0,"menu_order":0,"comment_status":"closed","ping_status":"closed","template":"","meta":{"footnotes":""},"class_list":["post-2","page","type-page","status-publish","hentry"],"_links":{"self":[{"href":"https:\/\/studio18.muscleboykanan.com\/blog\/wp-json\/wp\/v2\/pages\/2","targetHints":{"allow":["GET"]}}],"collection":[{"href":"https:\/\/studio18.muscleboykanan.com\/blog\/wp-json\/wp\/v2\/pages"}],"about":[{"href":"https:\/\/studio18.muscleboykanan.com\/blog\/wp-json\/wp\/v2\/types\/page"}],"author":[{"embeddable":true,"href":"https:\/\/studio18.muscleboykanan.com\/blog\/wp-json\/wp\/v2\/users\/2"}],"replies":[{"embeddable":true,"href":"https:\/\/studio18.muscleboykanan.com\/blog\/wp-json\/wp\/v2\/comments?post=2"}],"version-history":[{"count":2,"href":"https:\/\/studio18.muscleboykanan.com\/blog\/wp-json\/wp\/v2\/pages\/2\/revisions"}],"predecessor-version":[{"id":2783,"href":"https:\/\/studio18.muscleboykanan.com\/blog\/wp-json\/wp\/v2\/pages\/2\/revisions\/2783"}],"wp:attachment":[{"href":"https:\/\/studio18.muscleboykanan.com\/blog\/wp-json\/wp\/v2\/media?parent=2"}],"curies":[{"name":"wp","href":"https:\/\/api.w.org\/{rel}","templated":true}]}}